{"id":3526,"date":"2021-10-29T03:18:00","date_gmt":"2021-10-29T01:18:00","guid":{"rendered":"https:\/\/gozservitech.com\/?page_id=3526"},"modified":"2022-06-14T05:06:50","modified_gmt":"2022-06-14T03:06:50","slug":"contact","status":"publish","type":"page","link":"https:\/\/gozservitech.com\/index.php\/contact\/","title":{"rendered":"Contact"},"content":{"rendered":"<p>[et_pb_section fb_built=&#8221;1&#8243; _builder_version=&#8221;4.9.4&#8243; _module_preset=&#8221;default&#8221; custom_padding=&#8221;0px||12px|||&#8221; min_height=&#8221;97px&#8221;][et_pb_row _builder_version=&#8221;4.9.4&#8243; _module_preset=&#8221;default&#8221; custom_padding=&#8221;||10px|||&#8221;][et_pb_column _builder_version=&#8221;4.9.4&#8243; _module_preset=&#8221;default&#8221; type=&#8221;4_4&#8243;][et_pb_text _builder_version=&#8221;4.9.4&#8243; _module_preset=&#8221;default&#8221; hover_enabled=&#8221;0&#8243; sticky_enabled=&#8221;0&#8243;]<\/p>\n<div class=\"fl-row fl-row-full-width fl-row-bg-gradient fl-node-5eaad10ed39b0\" data-node=\"5eaad10ed39b0\" bis_skin_checked=\"1\" bis_size=\"{&quot;x&quot;:11,&quot;y&quot;:18,&quot;w&quot;:309,&quot;h&quot;:28,&quot;abs_x&quot;:906,&quot;abs_y&quot;:469}\">\n<div class=\"fl-row-content-wrap\" bis_skin_checked=\"1\" bis_size=\"{&quot;x&quot;:11,&quot;y&quot;:18,&quot;w&quot;:309,&quot;h&quot;:28,&quot;abs_x&quot;:906,&quot;abs_y&quot;:469}\">\n<div class=\"fl-row-content fl-row-full-width fl-node-content\" bis_skin_checked=\"1\" bis_size=\"{&quot;x&quot;:11,&quot;y&quot;:18,&quot;w&quot;:309,&quot;h&quot;:28,&quot;abs_x&quot;:906,&quot;abs_y&quot;:469}\">\n<div class=\"fl-col-group fl-node-5eaad10ed3902\" data-node=\"5eaad10ed3902\" bis_skin_checked=\"1\" bis_size=\"{&quot;x&quot;:11,&quot;y&quot;:18,&quot;w&quot;:309,&quot;h&quot;:28,&quot;abs_x&quot;:906,&quot;abs_y&quot;:469}\">\n<div class=\"fl-col fl-node-5eaad10ed393f\" data-node=\"5eaad10ed393f\" bis_skin_checked=\"1\" bis_size=\"{&quot;x&quot;:11,&quot;y&quot;:18,&quot;w&quot;:309,&quot;h&quot;:28,&quot;abs_x&quot;:906,&quot;abs_y&quot;:469}\">\n<div class=\"fl-col-content fl-node-content\" bis_skin_checked=\"1\" bis_size=\"{&quot;x&quot;:11,&quot;y&quot;:18,&quot;w&quot;:309,&quot;h&quot;:28,&quot;abs_x&quot;:906,&quot;abs_y&quot;:469}\">\n<div class=\"fl-module fl-module-uabb-heading fl-node-5eaad10ed3978 fl-visible-desktop-medium\" data-node=\"5eaad10ed3978\" bis_skin_checked=\"1\" bis_size=\"{&quot;x&quot;:11,&quot;y&quot;:18,&quot;w&quot;:309,&quot;h&quot;:28,&quot;abs_x&quot;:906,&quot;abs_y&quot;:469}\">\n<div class=\"fl-module-content fl-node-content\" bis_skin_checked=\"1\" bis_size=\"{&quot;x&quot;:11,&quot;y&quot;:18,&quot;w&quot;:309,&quot;h&quot;:28,&quot;abs_x&quot;:906,&quot;abs_y&quot;:469}\">\n<div class=\"uabb-module-content uabb-heading-wrapper uabb-heading-align-left \" bis_skin_checked=\"1\" bis_size=\"{&quot;x&quot;:11,&quot;y&quot;:18,&quot;w&quot;:309,&quot;h&quot;:28,&quot;abs_x&quot;:906,&quot;abs_y&quot;:469}\">\n<h1 class=\"uabb-heading\" bis_size=\"{&quot;x&quot;:11,&quot;y&quot;:18,&quot;w&quot;:309,&quot;h&quot;:28,&quot;abs_x&quot;:906,&quot;abs_y&quot;:469}\" style=\"text-align: center;\"><strong><span class=\"uabb-heading-text\" bis_size=\"{&quot;x&quot;:11,&quot;y&quot;:21,&quot;w&quot;:212,&quot;h&quot;:21,&quot;abs_x&quot;:906,&quot;abs_y&quot;:472}\">\u2219 CONTACTEZ-NOUS \u2219<\/span><\/strong><\/h1>\n<\/div>\n<\/div>\n<\/div>\n<\/div>\n<\/div>\n<\/div>\n<\/div>\n<\/div>\n<\/div>\n<div id=\"soumission\" class=\"fl-row fl-row-full-width fl-row-bg-parallax fl-node-5eaad06e8e935 fl-row-bg-overlay fl-visible-desktop-medium\" data-node=\"5eaad06e8e935\" data-parallax-speed=\"2\" data-parallax-image=\"https:\/\/nettoyagequalipro.com\/wp-content\/uploads\/2020\/04\/camion-nettoyage-qualite\u0301-pro-paul-scaled.jpg\" bis_skin_checked=\"1\" bis_size=\"{&quot;x&quot;:11,&quot;y&quot;:65,&quot;w&quot;:309,&quot;h&quot;:24,&quot;abs_x&quot;:906,&quot;abs_y&quot;:516}\">\n<div class=\"fl-row-content-wrap\" bis_skin_checked=\"1\" bis_size=\"{&quot;x&quot;:11,&quot;y&quot;:65,&quot;w&quot;:309,&quot;h&quot;:24,&quot;abs_x&quot;:906,&quot;abs_y&quot;:516}\">\n<div class=\"fl-row-content fl-row-fixed-width fl-node-content\" bis_skin_checked=\"1\" bis_size=\"{&quot;x&quot;:11,&quot;y&quot;:65,&quot;w&quot;:309,&quot;h&quot;:24,&quot;abs_x&quot;:906,&quot;abs_y&quot;:516}\">\n<div class=\"fl-col-group fl-node-5eaad06e8ff07\" data-node=\"5eaad06e8ff07\" bis_skin_checked=\"1\" bis_size=\"{&quot;x&quot;:11,&quot;y&quot;:65,&quot;w&quot;:309,&quot;h&quot;:24,&quot;abs_x&quot;:906,&quot;abs_y&quot;:516}\">\n<div class=\"fl-col fl-node-5eaad06e9009b fl-col-small\" data-node=\"5eaad06e9009b\" bis_skin_checked=\"1\" bis_size=\"{&quot;x&quot;:11,&quot;y&quot;:65,&quot;w&quot;:309,&quot;h&quot;:24,&quot;abs_x&quot;:906,&quot;abs_y&quot;:516}\">\n<div class=\"fl-col-content fl-node-content\" bis_skin_checked=\"1\" bis_size=\"{&quot;x&quot;:11,&quot;y&quot;:65,&quot;w&quot;:309,&quot;h&quot;:24,&quot;abs_x&quot;:906,&quot;abs_y&quot;:516}\">\n<div class=\"fl-module fl-module-rich-text fl-node-5eaad3d0770b3\" data-node=\"5eaad3d0770b3\" bis_skin_checked=\"1\" bis_size=\"{&quot;x&quot;:11,&quot;y&quot;:65,&quot;w&quot;:309,&quot;h&quot;:24,&quot;abs_x&quot;:906,&quot;abs_y&quot;:516}\">\n<div class=\"fl-module-content fl-node-content\" bis_skin_checked=\"1\" bis_size=\"{&quot;x&quot;:11,&quot;y&quot;:65,&quot;w&quot;:309,&quot;h&quot;:24,&quot;abs_x&quot;:906,&quot;abs_y&quot;:516}\">\n<h1 class=\"fl-rich-text\" bis_skin_checked=\"1\" bis_size=\"{&quot;x&quot;:11,&quot;y&quot;:65,&quot;w&quot;:309,&quot;h&quot;:24,&quot;abs_x&quot;:906,&quot;abs_y&quot;:516}\"><\/h1>\n<\/div>\n<\/div>\n<\/div>\n<\/div>\n<\/div>\n<\/div>\n<\/div>\n<\/div>\n<p>[\/et_pb_text][\/et_pb_column][\/et_pb_row][\/et_pb_section][et_pb_section fb_built=&#8221;1&#8243; _builder_version=&#8221;4.9.4&#8243; _module_preset=&#8221;default&#8221; custom_padding=&#8221;0px|||||&#8221;][et_pb_row _builder_version=&#8221;4.9.4&#8243; _module_preset=&#8221;default&#8221; column_structure=&#8221;3_5,2_5&#8243;][et_pb_column _builder_version=&#8221;4.9.4&#8243; _module_preset=&#8221;default&#8221; type=&#8221;3_5&#8243; hover_enabled=&#8221;0&#8243; sticky_enabled=&#8221;0&#8243;][wpforms_selector _builder_version=&#8221;4.9.4&#8243; _module_preset=&#8221;default&#8221; form_id=&#8221;3539&#8243; show_title=&#8221;on&#8221; show_desc=&#8221;on&#8221; hover_enabled=&#8221;0&#8243; sticky_enabled=&#8221;0&#8243; width=&#8221;100%&#8221; custom_padding=&#8221;|0px||||&#8221; custom_margin=&#8221;|6px||||&#8221;][\/wpforms_selector][\/et_pb_column][et_pb_column _builder_version=&#8221;4.9.4&#8243; _module_preset=&#8221;default&#8221; type=&#8221;2_5&#8243;][et_pb_text _builder_version=&#8221;4.9.4&#8243; _module_preset=&#8221;default&#8221; hover_enabled=&#8221;0&#8243; sticky_enabled=&#8221;0&#8243; custom_margin=&#8221;||88px|-80px|false|false&#8221; width=&#8221;100%&#8221; ul_text_align=&#8221;center&#8221; ul_text_shadow_style=&#8221;preset4&#8243;]<\/p>\n<h2 bis_size=\"{&quot;x&quot;:11,&quot;y&quot;:19,&quot;w&quot;:309,&quot;h&quot;:72,&quot;abs_x&quot;:938,&quot;abs_y&quot;:442}\">Vous avez des questions?<\/h2>\n<p bis_size=\"{&quot;x&quot;:11,&quot;y&quot;:111,&quot;w&quot;:309,&quot;h&quot;:72,&quot;abs_x&quot;:938,&quot;abs_y&quot;:534}\" style=\"text-align: left;\">Parlez \u00e0 un sp\u00e9cialiste en nettoyage de conduits et appareils de ventilation, et non \u00e0 un vendeur \u00e0 commission!<\/p>\n<p bis_size=\"{&quot;x&quot;:11,&quot;y&quot;:111,&quot;w&quot;:309,&quot;h&quot;:72,&quot;abs_x&quot;:938,&quot;abs_y&quot;:534}\" style=\"text-align: left;\">\n<p bis_size=\"{&quot;x&quot;:11,&quot;y&quot;:111,&quot;w&quot;:309,&quot;h&quot;:72,&quot;abs_x&quot;:938,&quot;abs_y&quot;:534}\" style=\"text-align: left;\">\n<p bis_size=\"{&quot;x&quot;:11,&quot;y&quot;:111,&quot;w&quot;:309,&quot;h&quot;:72,&quot;abs_x&quot;:938,&quot;abs_y&quot;:534}\" style=\"text-align: left;\">\n<ul bis_size=\"{&quot;x&quot;:11,&quot;y&quot;:208,&quot;w&quot;:309,&quot;h&quot;:145,&quot;abs_x&quot;:938,&quot;abs_y&quot;:631}\">\n<li style=\"list-style-type: none;\" bis_size=\"{&quot;x&quot;:51,&quot;y&quot;:208,&quot;w&quot;:269,&quot;h&quot;:145,&quot;abs_x&quot;:978,&quot;abs_y&quot;:631}\">\n<ul bis_size=\"{&quot;x&quot;:51,&quot;y&quot;:208,&quot;w&quot;:269,&quot;h&quot;:145,&quot;abs_x&quot;:978,&quot;abs_y&quot;:631}\">\n<li style=\"list-style-type: none;\" bis_size=\"{&quot;x&quot;:91,&quot;y&quot;:208,&quot;w&quot;:229,&quot;h&quot;:145,&quot;abs_x&quot;:1018,&quot;abs_y&quot;:631}\">\n<ul bis_size=\"{&quot;x&quot;:91,&quot;y&quot;:208,&quot;w&quot;:229,&quot;h&quot;:145,&quot;abs_x&quot;:1018,&quot;abs_y&quot;:631}\">\n<li style=\"list-style-type: none;\" bis_size=\"{&quot;x&quot;:131,&quot;y&quot;:208,&quot;w&quot;:189,&quot;h&quot;:145,&quot;abs_x&quot;:1058,&quot;abs_y&quot;:631}\">\n<ul bis_size=\"{&quot;x&quot;:131,&quot;y&quot;:208,&quot;w&quot;:189,&quot;h&quot;:145,&quot;abs_x&quot;:1058,&quot;abs_y&quot;:631}\">\n<li bis_size=\"{&quot;x&quot;:171,&quot;y&quot;:208,&quot;w&quot;:149,&quot;h&quot;:37,&quot;abs_x&quot;:1098,&quot;abs_y&quot;:631}\" style=\"text-align: justify;\">\n<h6 bis_size=\"{&quot;x&quot;:171,&quot;y&quot;:213,&quot;w&quot;:149,&quot;h&quot;:32,&quot;abs_x&quot;:1098,&quot;abs_y&quot;:636}\">SERVICE PROFESSIONNEL<\/h6>\n<\/li>\n<li bis_size=\"{&quot;x&quot;:171,&quot;y&quot;:270,&quot;w&quot;:149,&quot;h&quot;:21,&quot;abs_x&quot;:1098,&quot;abs_y&quot;:693}\" style=\"text-align: justify;\">\n<h6 bis_size=\"{&quot;x&quot;:171,&quot;y&quot;:275,&quot;w&quot;:149,&quot;h&quot;:16,&quot;abs_x&quot;:1098,&quot;abs_y&quot;:698}\">EXPERTISE \u00c9PROUV\u00c9E<\/h6>\n<\/li>\n<li bis_size=\"{&quot;x&quot;:171,&quot;y&quot;:316,&quot;w&quot;:149,&quot;h&quot;:37,&quot;abs_x&quot;:1098,&quot;abs_y&quot;:739}\" style=\"text-align: justify;\">\n<h6 bis_size=\"{&quot;x&quot;:171,&quot;y&quot;:321,&quot;w&quot;:149,&quot;h&quot;:32,&quot;abs_x&quot;:1098,&quot;abs_y&quot;:744}\">\u00c0 L&#8217;\u00c9COUTE DE VOS BESOINS<strong bis_size=\"{&quot;x&quot;:223,&quot;y&quot;:340,&quot;w&quot;:0,&quot;h&quot;:12,&quot;abs_x&quot;:1150,&quot;abs_y&quot;:763}\"><\/strong><\/h6>\n<\/li>\n<\/ul>\n<\/li>\n<\/ul>\n<\/li>\n<\/ul>\n<\/li>\n<\/ul>\n<div class=\"fl-module fl-module-rich-text fl-node-623ce93974b61\" data-node=\"623ce93974b61\" bis_skin_checked=\"1\" bis_size=\"{&quot;x&quot;:11,&quot;y&quot;:379,&quot;w&quot;:309,&quot;h&quot;:72,&quot;abs_x&quot;:938,&quot;abs_y&quot;:802}\">\n<div class=\"fl-module-content fl-node-content\" bis_skin_checked=\"1\" bis_size=\"{&quot;x&quot;:11,&quot;y&quot;:379,&quot;w&quot;:309,&quot;h&quot;:72,&quot;abs_x&quot;:938,&quot;abs_y&quot;:802}\">\n<div class=\"fl-rich-text\" bis_skin_checked=\"1\" bis_size=\"{&quot;x&quot;:11,&quot;y&quot;:379,&quot;w&quot;:309,&quot;h&quot;:72,&quot;abs_x&quot;:938,&quot;abs_y&quot;:802}\">\n<p bis_size=\"{&quot;x&quot;:11,&quot;y&quot;:379,&quot;w&quot;:309,&quot;h&quot;:72,&quot;abs_x&quot;:938,&quot;abs_y&quot;:802}\">INFORMEZ-VOUS SUR NOS PROMOTIONS ET RABAIS SUR SERVICES MULTIPLES!<\/p>\n<\/div>\n<\/div>\n<\/div>\n<p>[\/et_pb_text][\/et_pb_column][\/et_pb_row][et_pb_row _builder_version=&#8221;4.9.4&#8243; _module_preset=&#8221;default&#8221;][et_pb_column type=&#8221;4_4&#8243; _builder_version=&#8221;4.9.4&#8243; _module_preset=&#8221;default&#8221;][et_pb_contact_form email=&#8221;info@gozservitech.com&#8221; title=&#8221;Contactez-Nous&#8221; custom_message=&#8221;Bonjour,||et_pb_line_break_holder||||et_pb_line_break_holder||Vous avez re\u00e7u un message de  %%Name%% via le site GoZservitech||et_pb_line_break_holder||||et_pb_line_break_holder||Voici son message:||et_pb_line_break_holder||%%Message%%||et_pb_line_break_holder||||et_pb_line_break_holder||Vous pouvez lui r\u00e9pondre \u00e0 l&#8217;adresse suivante:||et_pb_line_break_holder||%%Email%%||et_pb_line_break_holder||||et_pb_line_break_holder||Merci,&#8221; success_message=&#8221;Nous avons bien re\u00e7u votre message. Nous vous recontacterons sous peu. Merci&#8221; submit_button_text=&#8221;Envoyer&#8221; _builder_version=&#8221;4.9.4&#8243; _module_preset=&#8221;default&#8221;][et_pb_contact_field field_id=&#8221;Name&#8221; field_title=&#8221;Nom&#8221; _builder_version=&#8221;4.9.4&#8243; button_text_size__hover_enabled=&#8221;off&#8221; button_one_text_size__hover_enabled=&#8221;off&#8221; button_two_text_size__hover_enabled=&#8221;off&#8221; button_text_color__hover_enabled=&#8221;off&#8221; button_one_text_color__hover_enabled=&#8221;off&#8221; button_two_text_color__hover_enabled=&#8221;off&#8221; button_border_width__hover_enabled=&#8221;off&#8221; button_one_border_width__hover_enabled=&#8221;off&#8221; button_two_border_width__hover_enabled=&#8221;off&#8221; button_border_color__hover_enabled=&#8221;off&#8221; button_one_border_color__hover_enabled=&#8221;off&#8221; button_two_border_color__hover_enabled=&#8221;off&#8221; button_border_radius__hover_enabled=&#8221;off&#8221; button_one_border_radius__hover_enabled=&#8221;off&#8221; button_two_border_radius__hover_enabled=&#8221;off&#8221; button_letter_spacing__hover_enabled=&#8221;off&#8221; button_one_letter_spacing__hover_enabled=&#8221;off&#8221; button_two_letter_spacing__hover_enabled=&#8221;off&#8221; button_bg_color__hover_enabled=&#8221;off&#8221; button_one_bg_color__hover_enabled=&#8221;off&#8221; button_two_bg_color__hover_enabled=&#8221;off&#8221;][\/et_pb_contact_field][et_pb_contact_field field_id=&#8221;Email&#8221; field_title=&#8221;Adresse e-mail&#8221; field_type=&#8221;email&#8221; _builder_version=&#8221;4.9.4&#8243; button_text_size__hover_enabled=&#8221;off&#8221; button_one_text_size__hover_enabled=&#8221;off&#8221; button_two_text_size__hover_enabled=&#8221;off&#8221; button_text_color__hover_enabled=&#8221;off&#8221; button_one_text_color__hover_enabled=&#8221;off&#8221; button_two_text_color__hover_enabled=&#8221;off&#8221; button_border_width__hover_enabled=&#8221;off&#8221; button_one_border_width__hover_enabled=&#8221;off&#8221; button_two_border_width__hover_enabled=&#8221;off&#8221; button_border_color__hover_enabled=&#8221;off&#8221; button_one_border_color__hover_enabled=&#8221;off&#8221; button_two_border_color__hover_enabled=&#8221;off&#8221; button_border_radius__hover_enabled=&#8221;off&#8221; button_one_border_radius__hover_enabled=&#8221;off&#8221; button_two_border_radius__hover_enabled=&#8221;off&#8221; button_letter_spacing__hover_enabled=&#8221;off&#8221; button_one_letter_spacing__hover_enabled=&#8221;off&#8221; button_two_letter_spacing__hover_enabled=&#8221;off&#8221; button_bg_color__hover_enabled=&#8221;off&#8221; button_one_bg_color__hover_enabled=&#8221;off&#8221; button_two_bg_color__hover_enabled=&#8221;off&#8221;][\/et_pb_contact_field][et_pb_contact_field field_id=&#8221;Message&#8221; field_title=&#8221;Message&#8221; field_type=&#8221;text&#8221; fullwidth_field=&#8221;on&#8221; _builder_version=&#8221;4.9.4&#8243; button_text_size__hover_enabled=&#8221;off&#8221; button_one_text_size__hover_enabled=&#8221;off&#8221; button_two_text_size__hover_enabled=&#8221;off&#8221; button_text_color__hover_enabled=&#8221;off&#8221; button_one_text_color__hover_enabled=&#8221;off&#8221; button_two_text_color__hover_enabled=&#8221;off&#8221; button_border_width__hover_enabled=&#8221;off&#8221; button_one_border_width__hover_enabled=&#8221;off&#8221; button_two_border_width__hover_enabled=&#8221;off&#8221; button_border_color__hover_enabled=&#8221;off&#8221; button_one_border_color__hover_enabled=&#8221;off&#8221; button_two_border_color__hover_enabled=&#8221;off&#8221; button_border_radius__hover_enabled=&#8221;off&#8221; button_one_border_radius__hover_enabled=&#8221;off&#8221; button_two_border_radius__hover_enabled=&#8221;off&#8221; button_letter_spacing__hover_enabled=&#8221;off&#8221; button_one_letter_spacing__hover_enabled=&#8221;off&#8221; button_two_letter_spacing__hover_enabled=&#8221;off&#8221; button_bg_color__hover_enabled=&#8221;off&#8221; button_one_bg_color__hover_enabled=&#8221;off&#8221; button_two_bg_color__hover_enabled=&#8221;off&#8221;][\/et_pb_contact_field][\/et_pb_contact_form][\/et_pb_column][\/et_pb_row][\/et_pb_section]<\/p>\n","protected":false},"excerpt":{"rendered":"<p>[et_pb_section fb_built=&#8221;1&#8243; _builder_version=&#8221;4.9.4&#8243; _module_preset=&#8221;default&#8221; custom_padding=&#8221;0px||12px|||&#8221; min_height=&#8221;97px&#8221;][et_pb_row _builder_version=&#8221;4.9.4&#8243; _module_preset=&#8221;default&#8221; custom_padding=&#8221;||10px|||&#8221;][et_pb_column _builder_version=&#8221;4.9.4&#8243; _module_preset=&#8221;default&#8221; type=&#8221;4_4&#8243;][et_pb_text _builder_version=&#8221;4.9.4&#8243; _module_preset=&#8221;default&#8221; hover_enabled=&#8221;0&#8243; sticky_enabled=&#8221;0&#8243;] \u2219 CONTACTEZ-NOUS \u2219 [\/et_pb_text][\/et_pb_column][\/et_pb_row][\/et_pb_section][et_pb_section fb_built=&#8221;1&#8243; _builder_version=&#8221;4.9.4&#8243; _module_preset=&#8221;default&#8221; custom_padding=&#8221;0px|||||&#8221;][et_pb_row _builder_version=&#8221;4.9.4&#8243; _module_preset=&#8221;default&#8221; column_structure=&#8221;3_5,2_5&#8243;][et_pb_column _builder_version=&#8221;4.9.4&#8243; _module_preset=&#8221;default&#8221; type=&#8221;3_5&#8243; hover_enabled=&#8221;0&#8243; sticky_enabled=&#8221;0&#8243;][wpforms_selector _builder_version=&#8221;4.9.4&#8243; _module_preset=&#8221;default&#8221; form_id=&#8221;3539&#8243; show_title=&#8221;on&#8221; show_desc=&#8221;on&#8221; hover_enabled=&#8221;0&#8243; sticky_enabled=&#8221;0&#8243; width=&#8221;100%&#8221; custom_padding=&#8221;|0px||||&#8221; custom_margin=&#8221;|6px||||&#8221;][\/wpforms_selector][\/et_pb_column][et_pb_column _builder_version=&#8221;4.9.4&#8243; _module_preset=&#8221;default&#8221; type=&#8221;2_5&#8243;][et_pb_text _builder_version=&#8221;4.9.4&#8243; _module_preset=&#8221;default&#8221; hover_enabled=&#8221;0&#8243; sticky_enabled=&#8221;0&#8243; custom_margin=&#8221;||88px|-80px|false|false&#8221; width=&#8221;100%&#8221; ul_text_align=&#8221;center&#8221; ul_text_shadow_style=&#8221;preset4&#8243;] Vous avez [&hellip;]<\/p>\n","protected":false},"author":1,"featured_media":0,"parent":0,"menu_order":0,"comment_status":"closed","ping_status":"closed","template":"","meta":{"_et_pb_use_builder":"on","_et_pb_old_content":"<!-- wp:divi\/placeholder \/-->","_et_gb_content_width":"","om_disable_all_campaigns":false,"_monsterinsights_skip_tracking":false,"_monsterinsights_sitenote_active":false,"_monsterinsights_sitenote_note":"","_monsterinsights_sitenote_category":0},"_links":{"self":[{"href":"https:\/\/gozservitech.com\/index.php\/wp-json\/wp\/v2\/pages\/3526"}],"collection":[{"href":"https:\/\/gozservitech.com\/index.php\/wp-json\/wp\/v2\/pages"}],"about":[{"href":"https:\/\/gozservitech.com\/index.php\/wp-json\/wp\/v2\/types\/page"}],"author":[{"embeddable":true,"href":"https:\/\/gozservitech.com\/index.php\/wp-json\/wp\/v2\/users\/1"}],"replies":[{"embeddable":true,"href":"https:\/\/gozservitech.com\/index.php\/wp-json\/wp\/v2\/comments?post=3526"}],"version-history":[{"count":9,"href":"https:\/\/gozservitech.com\/index.php\/wp-json\/wp\/v2\/pages\/3526\/revisions"}],"predecessor-version":[{"id":3564,"href":"https:\/\/gozservitech.com\/index.php\/wp-json\/wp\/v2\/pages\/3526\/revisions\/3564"}],"wp:attachment":[{"href":"https:\/\/gozservitech.com\/index.php\/wp-json\/wp\/v2\/media?parent=3526"}],"curies":[{"name":"wp","href":"https:\/\/api.w.org\/{rel}","templated":true}]}}